{"id":17600,"date":"2023-11-17T15:17:41","date_gmt":"2023-11-17T15:17:41","guid":{"rendered":"https:\/\/akcharcosmetics.com\/?post_type=product&#038;p=17600"},"modified":"2024-12-12T11:29:33","modified_gmt":"2024-12-12T11:29:33","slug":"dandelion-root","status":"publish","type":"product","link":"https:\/\/b2b.akcharcosmetics.com\/fr\/produit\/dandelion-root\/","title":{"rendered":"Dandelion Root"},"content":{"rendered":"<p><b>Les avantages et les bienfaits de compl\u00e9ment alimentaire de racine de pissenlit ?\u00a0<\/b><\/p>\n<p><span style=\"font-weight: 400;\">Puret\u00e9 Maximale : Notre racine de pissenlit est r\u00e9colt\u00e9e avec soin pour pr\u00e9server sa puret\u00e9 et sa richesse en nutriments b\u00e9n\u00e9fiques.<\/span><\/p>\n<p><span style=\"font-weight: 400;\">Soutien Digestif : La racine de pissenlit favorise une digestion saine en stimulant la production de bile, aidant ainsi le processus de digestion.\u00a0<\/span><\/p>\n<p><span style=\"font-weight: 400;\">D\u00e9toxification Naturelle : Elle aide \u00e0 \u00e9liminer les toxines du corps, contribuant ainsi \u00e0 la d\u00e9toxification.\u00a0<\/span><\/p>\n<p><span style=\"font-weight: 400;\">Soutien au Foie et aux Reins : La racine de pissenlit est r\u00e9put\u00e9e pour soutenir la sant\u00e9 du foie et des reins, deux organes essentiels pour l&rsquo;\u00e9limination des d\u00e9chets.\u00a0<\/span><\/p>\n<p><span style=\"font-weight: 400;\">Antioxydant Naturel : Elle est riche en antioxydants qui prot\u00e8gent les cellules du corps contre les dommages oxydatifs.\u00a0<\/span><\/p>\n<p><span style=\"font-weight: 400;\">Soutien au Bien-\u00eatre G\u00e9n\u00e9ral : Elle contribue au bien-\u00eatre g\u00e9n\u00e9ral, stimulant l&rsquo;\u00e9nergie et la vitalit\u00e9.\u00a0<\/span><\/p>\n<p><span style=\"font-weight: 400;\">Facile \u00e0 Int\u00e9grer : Les capsules de racine de pissenlit sont faciles \u00e0 avaler et peuvent \u00eatre int\u00e9gr\u00e9es ais\u00e9ment \u00e0 votre routine quotidienne de bien-\u00eatre.\u00a0<\/span><\/p>\n<p><span style=\"font-weight: 400;\">Qualit\u00e9 et S\u00e9curit\u00e9 : Notre produit est fabriqu\u00e9 dans une installation certifi\u00e9e ONSSA , ISO pour garantir la qualit\u00e9, la puret\u00e9 et la s\u00e9curit\u00e9.\u00a0<\/span><\/p>\n<p><span style=\"font-weight: 400;\">La racine de pissenlit est une solution naturelle pour am\u00e9liorer la digestion, favoriser la d\u00e9toxification et soutenir le bien-\u00eatre g\u00e9n\u00e9ral. Optez pour la Dandelion Root et prenez soin de votre corps de mani\u00e8re naturelle.\u00a0<\/span><\/p>\n","protected":false},"excerpt":{"rendered":"<p><span style=\"font-weight: 400;\">D\u00e9couvrez les bienfaits naturels de notre compl\u00e9ment alimentaire \u00e0 base de racine de pissenlit, une plante aux multiples vertus pour la sant\u00e9. La racine de pissenlit est r\u00e9put\u00e9e pour ses propri\u00e9t\u00e9s purifiantes, d\u00e9toxifiantes et son soutien au bien-\u00eatre g\u00e9n\u00e9ral.\u00a0<\/span><\/p>\n","protected":false},"featured_media":17607,"comment_status":"open","ping_status":"closed","template":"","meta":[],"product_brand":[],"product_cat":[270],"product_tag":[],"class_list":{"0":"post-17600","1":"product","2":"type-product","3":"status-publish","4":"has-post-thumbnail","6":"product_cat-270","8":"first","9":"instock","10":"taxable","11":"shipping-taxable","12":"purchasable","13":"product-type-variable"},"_links":{"self":[{"href":"https:\/\/b2b.akcharcosmetics.com\/fr\/wp-json\/wp\/v2\/product\/17600","targetHints":{"allow":["GET"]}}],"collection":[{"href":"https:\/\/b2b.akcharcosmetics.com\/fr\/wp-json\/wp\/v2\/product"}],"about":[{"href":"https:\/\/b2b.akcharcosmetics.com\/fr\/wp-json\/wp\/v2\/types\/product"}],"replies":[{"embeddable":true,"href":"https:\/\/b2b.akcharcosmetics.com\/fr\/wp-json\/wp\/v2\/comments?post=17600"}],"version-history":[{"count":0,"href":"https:\/\/b2b.akcharcosmetics.com\/fr\/wp-json\/wp\/v2\/product\/17600\/revisions"}],"wp:featuredmedia":[{"embeddable":true,"href":"https:\/\/b2b.akcharcosmetics.com\/fr\/wp-json\/wp\/v2\/media\/17607"}],"wp:attachment":[{"href":"https:\/\/b2b.akcharcosmetics.com\/fr\/wp-json\/wp\/v2\/media?parent=17600"}],"wp:term":[{"taxonomy":"product_brand","embeddable":true,"href":"https:\/\/b2b.akcharcosmetics.com\/fr\/wp-json\/wp\/v2\/product_brand?post=17600"},{"taxonomy":"product_cat","embeddable":true,"href":"https:\/\/b2b.akcharcosmetics.com\/fr\/wp-json\/wp\/v2\/product_cat?post=17600"},{"taxonomy":"product_tag","embeddable":true,"href":"https:\/\/b2b.akcharcosmetics.com\/fr\/wp-json\/wp\/v2\/product_tag?post=17600"}],"curies":[{"name":"wp","href":"https:\/\/api.w.org\/{rel}","templated":true}]}}